{"id":15713,"date":"2025-12-14T10:54:29","date_gmt":"2025-12-14T08:54:29","guid":{"rendered":"http:\/\/demo.qodeinteractive.com\/bridge27\/?page_id=15713"},"modified":"2026-01-15T20:06:48","modified_gmt":"2026-01-15T18:06:48","slug":"home-bridge-flat","status":"publish","type":"page","link":"https:\/\/rperakennus.fi\/et\/","title":{"rendered":"Avaleht"},"content":{"rendered":"<div class=\"wpb-content-wrapper\"><p>[vc_row css_animation=&#8221;&#8221; row_type=&#8221;row&#8221; use_row_as_full_screen_section=&#8221;no&#8221; type=&#8221;grid&#8221; angled_section=&#8221;no&#8221; text_align=&#8221;center&#8221; background_image_as_pattern=&#8221;without_pattern&#8221; background_color=&#8221;#00000000&#8243; padding_top=&#8221;80&#8243; z_index=&#8221;&#8221; padding_bottom=&#8221;80&#8243;][vc_column][vc_column_text css=&#8221;&#8221;]<\/p>\n<h2 style=\"text-align: center;\">Rpe rakennus<\/h2>\n<p>[\/vc_column_text][vc_separator type=&#8221;small&#8221; position=&#8221;center&#8221; up=&#8221;20&#8243; down=&#8221;20&#8243;][vc_column_text css=&#8221;&#8221;]Rpe rakennus pakub t\u00e4isteenusena tootmis v\u00f5i laohoonete ehitust. Ehitame krundist v\u00f5tmed k\u00e4tte p\u00f5him\u00f5ttel.<\/p>\n<p>Suurim s\u00e4\u00e4st kogu ehitushanke juures tuleb projekteerimisel ja materjalide hinnast.<\/p>\n<p>Selleks on olemas pikk kogemus aastast 2008.<\/p>\n<p>&nbsp;<\/p>\n<p>K\u00fcsi tasuta hinnapakkumine v\u00f5i n\u00f5u.<\/p>\n<p>Robert Parmasson 0400137175<br \/>\n<a href=\"mailto:parmasson.rakennus@gmail.com\">parmasson.rakennus@gmail.com<\/a>[\/vc_column_text][\/vc_column][\/vc_row][vc_row css_animation=&#8221;&#8221; row_type=&#8221;row&#8221; use_row_as_full_screen_section=&#8221;no&#8221; type=&#8221;full_width&#8221; angled_section=&#8221;no&#8221; text_align=&#8221;left&#8221; background_image_as_pattern=&#8221;without_pattern&#8221; padding_top=&#8221;15&#8243; padding_bottom=&#8221;15&#8243; background_color=&#8221;#f3f3f3&#8243; css=&#8221;.vc_custom_1768470373972{background-color: #1E73BE !important;}&#8221; z_index=&#8221;&#8221;][vc_column]<div class=\"call_to_action normal\" style=\"background-color: #1E73BE;border-top: 1px solid #00000000;\"><div class=\"container_inner\"><div class=\"two_columns_75_25 clearfix\"><div class=\"text_wrapper column1\"><div class=\"call_to_action_text \" style=\"\">\n<h5><span style=\"color: #ffffff\">T\u00e4isteenusena tootmis v\u00f5i laohoonete ehitus<\/span><\/h5>\n<\/div><\/div><div class=\"button_wrapper column2\"><a itemprop=\"url\" href=\"https:\/\/rperakennus.fi\/yhteystiedot\/\" class=\"qbutton white large\" target=\"_blank\" style=\"color: #1E73BE;border-color: #FFFFFF;background-color:#FFFFFF;\" data-hover-background-color=#00000000 data-hover-border-color=#FFFFFF data-hover-color=#ffffff>K\u00fcsi pakkumist<\/a><\/div><\/div><\/div><\/div>[\/vc_column][\/vc_row][vc_row css_animation=&#8221;&#8221; row_type=&#8221;row&#8221; use_row_as_full_screen_section=&#8221;no&#8221; type=&#8221;full_width&#8221; angled_section=&#8221;no&#8221; text_align=&#8221;left&#8221; background_image_as_pattern=&#8221;without_pattern&#8221; background_color=&#8221;#ffffff&#8221; padding_top=&#8221;80&#8243; anchor=&#8221;portfolio&#8221; z_index=&#8221;&#8221;][vc_column][vc_column_text css=&#8221;&#8221;]<\/p>\n<h2 style=\"text-align: center;\">Tehtud t\u00f6\u00f6d<\/h2>\n<p>[\/vc_column_text][vc_separator type=&#8221;small&#8221; position=&#8221;center&#8221; up=&#8221;20&#8243; down=&#8221;20&#8243;][vc_empty_space]<div class='projects_holder_outer v4 portfolio_no_space portfolio_with_hover_text'>\n        <div class='projects_holder portfolio_main_holder clearfix v4  hover_text no_space portfolio_full_image '>\n        \n        <article class='mix default' style=''>\n    \n    \n    \n                <div class='image_holder'>\n                <a itemprop='url' class='portfolio_link_for_touch' href='https:\/\/rperakennus.fi\/et\/portfolio_page\/kirkkonummi-2025\/' target='_self'>\n                    \n<span class='image'><img loading=\"lazy\" decoding=\"async\" width=\"2000\" height=\"1500\" src=\"https:\/\/rperakennus.fi\/wp-content\/uploads\/2026\/01\/1000000296.webp\" class=\"attachment-full size-full wp-post-image\" alt=\"\" srcset=\"https:\/\/rperakennus.fi\/wp-content\/uploads\/2026\/01\/1000000296.webp 2000w, https:\/\/rperakennus.fi\/wp-content\/uploads\/2026\/01\/1000000296-300x225.webp 300w, https:\/\/rperakennus.fi\/wp-content\/uploads\/2026\/01\/1000000296-1024x768.webp 1024w, https:\/\/rperakennus.fi\/wp-content\/uploads\/2026\/01\/1000000296-768x576.webp 768w, https:\/\/rperakennus.fi\/wp-content\/uploads\/2026\/01\/1000000296-1536x1152.webp 1536w, https:\/\/rperakennus.fi\/wp-content\/uploads\/2026\/01\/1000000296-800x600.webp 800w, https:\/\/rperakennus.fi\/wp-content\/uploads\/2026\/01\/1000000296-700x525.webp 700w\" sizes=\"auto, (max-width: 2000px) 100vw, 2000px\" \/><\/span>                <\/a>\n\n                <span class='text_holder'>\n    <span class='text_outer'>\n        <span class='text_inner'>\n            <div class=\"hover_feature_holder_title\">\n                <div class=\"hover_feature_holder_title_inner\">\n                    \n                        \n    <h5 itemprop=\"name\" class=\"portfolio_title entry_title\"><a itemprop=\"url\" href=\"https:\/\/rperakennus.fi\/et\/portfolio_page\/kirkkonummi-2025\/\"  target=\"_self\"> Kirkkonummi 2025<\/a><\/h5>\n\n\n                        \n                            <span class=\"project_category\"  >\n        <\/span>\n\n                                    <\/div>\n            <\/div>\n\n            \n            <span class='feature_holder'>\n                <span class=\"feature_holder_icons\">\n\n                            <a itemprop='image' class='lightbox qbutton small white' title='Kirkkonummi 2025' href='https:\/\/rperakennus.fi\/wp-content\/uploads\/2026\/01\/1000000296.webp' data-rel='prettyPhoto[pretty_photo_gallery]'>zoom<\/a>\n    \n                            <a itemprop='url' class='preview qbutton small white' href='https:\/\/rperakennus.fi\/et\/portfolio_page\/kirkkonummi-2025\/' target='_self'>vaata<\/i><\/a>\n    \n                                    <\/span>\n            <\/span>\n\n            \n        <\/span>\n    <\/span>\n<\/span>\n            <\/div>\n                    \n    \n<\/article>\n<article class='mix default' style=''>\n    \n    \n    \n                <div class='image_holder'>\n                <a itemprop='url' class='portfolio_link_for_touch' href='https:\/\/rperakennus.fi\/et\/portfolio_page\/kaasutintie-10-helsinki\/' target='_self'>\n                    \n<span class='image'><img loading=\"lazy\" decoding=\"async\" width=\"2000\" height=\"1500\" src=\"https:\/\/rperakennus.fi\/wp-content\/uploads\/2026\/01\/1000016676.webp\" class=\"attachment-full size-full wp-post-image\" alt=\"\" srcset=\"https:\/\/rperakennus.fi\/wp-content\/uploads\/2026\/01\/1000016676.webp 2000w, https:\/\/rperakennus.fi\/wp-content\/uploads\/2026\/01\/1000016676-300x225.webp 300w, https:\/\/rperakennus.fi\/wp-content\/uploads\/2026\/01\/1000016676-1024x768.webp 1024w, https:\/\/rperakennus.fi\/wp-content\/uploads\/2026\/01\/1000016676-768x576.webp 768w, https:\/\/rperakennus.fi\/wp-content\/uploads\/2026\/01\/1000016676-1536x1152.webp 1536w, https:\/\/rperakennus.fi\/wp-content\/uploads\/2026\/01\/1000016676-800x600.webp 800w, https:\/\/rperakennus.fi\/wp-content\/uploads\/2026\/01\/1000016676-700x525.webp 700w\" sizes=\"auto, (max-width: 2000px) 100vw, 2000px\" \/><\/span>                <\/a>\n\n                <span class='text_holder'>\n    <span class='text_outer'>\n        <span class='text_inner'>\n            <div class=\"hover_feature_holder_title\">\n                <div class=\"hover_feature_holder_title_inner\">\n                    \n                        \n    <h5 itemprop=\"name\" class=\"portfolio_title entry_title\"><a itemprop=\"url\" href=\"https:\/\/rperakennus.fi\/et\/portfolio_page\/kaasutintie-10-helsinki\/\"  target=\"_self\"> Kaasutintie 10 Helsinki<\/a><\/h5>\n\n\n                        \n                            <span class=\"project_category\"  >\n        <\/span>\n\n                                    <\/div>\n            <\/div>\n\n            \n            <span class='feature_holder'>\n                <span class=\"feature_holder_icons\">\n\n                            <a itemprop='image' class='lightbox qbutton small white' title='Kaasutintie 10 Helsinki' href='https:\/\/rperakennus.fi\/wp-content\/uploads\/2026\/01\/1000016676.webp' data-rel='prettyPhoto[pretty_photo_gallery]'>zoom<\/a>\n    \n                            <a itemprop='url' class='preview qbutton small white' href='https:\/\/rperakennus.fi\/et\/portfolio_page\/kaasutintie-10-helsinki\/' target='_self'>vaata<\/i><\/a>\n    \n                                    <\/span>\n            <\/span>\n\n            \n        <\/span>\n    <\/span>\n<\/span>\n            <\/div>\n                    \n    \n<\/article>\n<article class='mix default' style=''>\n    \n    \n    \n                <div class='image_holder'>\n                <a itemprop='url' class='portfolio_link_for_touch' href='https:\/\/rperakennus.fi\/et\/portfolio_page\/kelatie-13-vantaa\/' target='_self'>\n                    \n<span class='image'><img loading=\"lazy\" decoding=\"async\" width=\"2000\" height=\"1500\" src=\"https:\/\/rperakennus.fi\/wp-content\/uploads\/2026\/01\/1000016490-1.webp\" class=\"attachment-full size-full wp-post-image\" alt=\"\" srcset=\"https:\/\/rperakennus.fi\/wp-content\/uploads\/2026\/01\/1000016490-1.webp 2000w, https:\/\/rperakennus.fi\/wp-content\/uploads\/2026\/01\/1000016490-1-300x225.webp 300w, https:\/\/rperakennus.fi\/wp-content\/uploads\/2026\/01\/1000016490-1-1024x768.webp 1024w, https:\/\/rperakennus.fi\/wp-content\/uploads\/2026\/01\/1000016490-1-768x576.webp 768w, https:\/\/rperakennus.fi\/wp-content\/uploads\/2026\/01\/1000016490-1-1536x1152.webp 1536w, https:\/\/rperakennus.fi\/wp-content\/uploads\/2026\/01\/1000016490-1-800x600.webp 800w, https:\/\/rperakennus.fi\/wp-content\/uploads\/2026\/01\/1000016490-1-700x525.webp 700w\" sizes=\"auto, (max-width: 2000px) 100vw, 2000px\" \/><\/span>                <\/a>\n\n                <span class='text_holder'>\n    <span class='text_outer'>\n        <span class='text_inner'>\n            <div class=\"hover_feature_holder_title\">\n                <div class=\"hover_feature_holder_title_inner\">\n                    \n                        \n    <h5 itemprop=\"name\" class=\"portfolio_title entry_title\"><a itemprop=\"url\" href=\"https:\/\/rperakennus.fi\/et\/portfolio_page\/kelatie-13-vantaa\/\"  target=\"_self\"> Kelatie 13 Vantaa<\/a><\/h5>\n\n\n                        \n                            <span class=\"project_category\"  >\n        <\/span>\n\n                                    <\/div>\n            <\/div>\n\n            \n            <span class='feature_holder'>\n                <span class=\"feature_holder_icons\">\n\n                            <a itemprop='image' class='lightbox qbutton small white' title='Kelatie 13 Vantaa' href='https:\/\/rperakennus.fi\/wp-content\/uploads\/2026\/01\/1000016490-1.webp' data-rel='prettyPhoto[pretty_photo_gallery]'>zoom<\/a>\n    \n                            <a itemprop='url' class='preview qbutton small white' href='https:\/\/rperakennus.fi\/et\/portfolio_page\/kelatie-13-vantaa\/' target='_self'>vaata<\/i><\/a>\n    \n                                    <\/span>\n            <\/span>\n\n            \n        <\/span>\n    <\/span>\n<\/span>\n            <\/div>\n                    \n    \n<\/article>\n<article class='mix default' style=''>\n    \n    \n    \n                <div class='image_holder'>\n                <a itemprop='url' class='portfolio_link_for_touch' href='https:\/\/rperakennus.fi\/et\/portfolio_page\/akkutie-1-helsinki-tattarisuo\/' target='_self'>\n                    \n<span class='image'><img loading=\"lazy\" decoding=\"async\" width=\"2000\" height=\"1500\" src=\"https:\/\/rperakennus.fi\/wp-content\/uploads\/2026\/01\/1000015323.webp\" class=\"attachment-full size-full wp-post-image\" alt=\"\" srcset=\"https:\/\/rperakennus.fi\/wp-content\/uploads\/2026\/01\/1000015323.webp 2000w, https:\/\/rperakennus.fi\/wp-content\/uploads\/2026\/01\/1000015323-300x225.webp 300w, https:\/\/rperakennus.fi\/wp-content\/uploads\/2026\/01\/1000015323-1024x768.webp 1024w, https:\/\/rperakennus.fi\/wp-content\/uploads\/2026\/01\/1000015323-768x576.webp 768w, https:\/\/rperakennus.fi\/wp-content\/uploads\/2026\/01\/1000015323-1536x1152.webp 1536w, https:\/\/rperakennus.fi\/wp-content\/uploads\/2026\/01\/1000015323-800x600.webp 800w, https:\/\/rperakennus.fi\/wp-content\/uploads\/2026\/01\/1000015323-700x525.webp 700w\" sizes=\"auto, (max-width: 2000px) 100vw, 2000px\" \/><\/span>                <\/a>\n\n                <span class='text_holder'>\n    <span class='text_outer'>\n        <span class='text_inner'>\n            <div class=\"hover_feature_holder_title\">\n                <div class=\"hover_feature_holder_title_inner\">\n                    \n                        \n    <h5 itemprop=\"name\" class=\"portfolio_title entry_title\"><a itemprop=\"url\" href=\"https:\/\/rperakennus.fi\/et\/portfolio_page\/akkutie-1-helsinki-tattarisuo\/\"  target=\"_self\"> Akkutie 1 Helsinki (Tattarisuo)<\/a><\/h5>\n\n\n                        \n                            <span class=\"project_category\"  >\n        <\/span>\n\n                                    <\/div>\n            <\/div>\n\n            \n            <span class='feature_holder'>\n                <span class=\"feature_holder_icons\">\n\n                            <a itemprop='image' class='lightbox qbutton small white' title='Akkutie 1 Helsinki (Tattarisuo)' href='https:\/\/rperakennus.fi\/wp-content\/uploads\/2026\/01\/1000015323.webp' data-rel='prettyPhoto[pretty_photo_gallery]'>zoom<\/a>\n    \n                            <a itemprop='url' class='preview qbutton small white' href='https:\/\/rperakennus.fi\/et\/portfolio_page\/akkutie-1-helsinki-tattarisuo\/' target='_self'>vaata<\/i><\/a>\n    \n                                    <\/span>\n            <\/span>\n\n            \n        <\/span>\n    <\/span>\n<\/span>\n            <\/div>\n                    \n    \n<\/article>\n<article class='mix default' style=''>\n    \n    \n    \n                <div class='image_holder'>\n                <a itemprop='url' class='portfolio_link_for_touch' href='https:\/\/rperakennus.fi\/et\/portfolio_page\/tekijankatu-8-klaukkala-2021\/' target='_self'>\n                    \n<span class='image'><img loading=\"lazy\" decoding=\"async\" width=\"2000\" height=\"1500\" src=\"https:\/\/rperakennus.fi\/wp-content\/uploads\/2026\/01\/1000014911.webp\" class=\"attachment-full size-full wp-post-image\" alt=\"\" srcset=\"https:\/\/rperakennus.fi\/wp-content\/uploads\/2026\/01\/1000014911.webp 2000w, https:\/\/rperakennus.fi\/wp-content\/uploads\/2026\/01\/1000014911-300x225.webp 300w, https:\/\/rperakennus.fi\/wp-content\/uploads\/2026\/01\/1000014911-1024x768.webp 1024w, https:\/\/rperakennus.fi\/wp-content\/uploads\/2026\/01\/1000014911-768x576.webp 768w, https:\/\/rperakennus.fi\/wp-content\/uploads\/2026\/01\/1000014911-1536x1152.webp 1536w, https:\/\/rperakennus.fi\/wp-content\/uploads\/2026\/01\/1000014911-800x600.webp 800w, https:\/\/rperakennus.fi\/wp-content\/uploads\/2026\/01\/1000014911-700x525.webp 700w\" sizes=\"auto, (max-width: 2000px) 100vw, 2000px\" \/><\/span>                <\/a>\n\n                <span class='text_holder'>\n    <span class='text_outer'>\n        <span class='text_inner'>\n            <div class=\"hover_feature_holder_title\">\n                <div class=\"hover_feature_holder_title_inner\">\n                    \n                        \n    <h5 itemprop=\"name\" class=\"portfolio_title entry_title\"><a itemprop=\"url\" href=\"https:\/\/rperakennus.fi\/et\/portfolio_page\/tekijankatu-8-klaukkala-2021\/\"  target=\"_self\"> Tekij\u00e4nkatu 8 Klaukkala 2021<\/a><\/h5>\n\n\n                        \n                            <span class=\"project_category\"  >\n        <\/span>\n\n                                    <\/div>\n            <\/div>\n\n            \n            <span class='feature_holder'>\n                <span class=\"feature_holder_icons\">\n\n                            <a itemprop='image' class='lightbox qbutton small white' title='Tekij\u00e4nkatu 8 Klaukkala 2021' href='https:\/\/rperakennus.fi\/wp-content\/uploads\/2026\/01\/1000014911.webp' data-rel='prettyPhoto[pretty_photo_gallery]'>zoom<\/a>\n    \n                            <a itemprop='url' class='preview qbutton small white' href='https:\/\/rperakennus.fi\/et\/portfolio_page\/tekijankatu-8-klaukkala-2021\/' target='_self'>vaata<\/i><\/a>\n    \n                                    <\/span>\n            <\/span>\n\n            \n        <\/span>\n    <\/span>\n<\/span>\n            <\/div>\n                    \n    \n<\/article>\n<article class='mix default' style=''>\n    \n    \n    \n                <div class='image_holder'>\n                <a itemprop='url' class='portfolio_link_for_touch' href='https:\/\/rperakennus.fi\/et\/portfolio_page\/jarvenpaa-2021\/' target='_self'>\n                    \n<span class='image'><img loading=\"lazy\" decoding=\"async\" width=\"2000\" height=\"1500\" src=\"https:\/\/rperakennus.fi\/wp-content\/uploads\/2026\/01\/1000014623.webp\" class=\"attachment-full size-full wp-post-image\" alt=\"\" srcset=\"https:\/\/rperakennus.fi\/wp-content\/uploads\/2026\/01\/1000014623.webp 2000w, https:\/\/rperakennus.fi\/wp-content\/uploads\/2026\/01\/1000014623-300x225.webp 300w, https:\/\/rperakennus.fi\/wp-content\/uploads\/2026\/01\/1000014623-1024x768.webp 1024w, https:\/\/rperakennus.fi\/wp-content\/uploads\/2026\/01\/1000014623-768x576.webp 768w, https:\/\/rperakennus.fi\/wp-content\/uploads\/2026\/01\/1000014623-1536x1152.webp 1536w, https:\/\/rperakennus.fi\/wp-content\/uploads\/2026\/01\/1000014623-800x600.webp 800w, https:\/\/rperakennus.fi\/wp-content\/uploads\/2026\/01\/1000014623-700x525.webp 700w\" sizes=\"auto, (max-width: 2000px) 100vw, 2000px\" \/><\/span>                <\/a>\n\n                <span class='text_holder'>\n    <span class='text_outer'>\n        <span class='text_inner'>\n            <div class=\"hover_feature_holder_title\">\n                <div class=\"hover_feature_holder_title_inner\">\n                    \n                        \n    <h5 itemprop=\"name\" class=\"portfolio_title entry_title\"><a itemprop=\"url\" href=\"https:\/\/rperakennus.fi\/et\/portfolio_page\/jarvenpaa-2021\/\"  target=\"_self\"> J\u00e4rvenp\u00e4\u00e4 2021<\/a><\/h5>\n\n\n                        \n                            <span class=\"project_category\"  >\n        <\/span>\n\n                                    <\/div>\n            <\/div>\n\n            \n            <span class='feature_holder'>\n                <span class=\"feature_holder_icons\">\n\n                            <a itemprop='image' class='lightbox qbutton small white' title='J\u00e4rvenp\u00e4\u00e4 2021' href='https:\/\/rperakennus.fi\/wp-content\/uploads\/2026\/01\/1000014623.webp' data-rel='prettyPhoto[pretty_photo_gallery]'>zoom<\/a>\n    \n                            <a itemprop='url' class='preview qbutton small white' href='https:\/\/rperakennus.fi\/et\/portfolio_page\/jarvenpaa-2021\/' target='_self'>vaata<\/i><\/a>\n    \n                                    <\/span>\n            <\/span>\n\n            \n        <\/span>\n    <\/span>\n<\/span>\n            <\/div>\n                    \n    \n<\/article>\n<article class='mix default' style=''>\n    \n    \n    \n                <div class='image_holder'>\n                <a itemprop='url' class='portfolio_link_for_touch' href='https:\/\/rperakennus.fi\/et\/portfolio_page\/keuksontie-8-kerava\/' target='_self'>\n                    \n<span class='image'><img loading=\"lazy\" decoding=\"async\" width=\"2000\" height=\"1500\" src=\"https:\/\/rperakennus.fi\/wp-content\/uploads\/2026\/01\/1000006822.webp\" class=\"attachment-full size-full wp-post-image\" alt=\"\" srcset=\"https:\/\/rperakennus.fi\/wp-content\/uploads\/2026\/01\/1000006822.webp 2000w, https:\/\/rperakennus.fi\/wp-content\/uploads\/2026\/01\/1000006822-300x225.webp 300w, https:\/\/rperakennus.fi\/wp-content\/uploads\/2026\/01\/1000006822-1024x768.webp 1024w, https:\/\/rperakennus.fi\/wp-content\/uploads\/2026\/01\/1000006822-768x576.webp 768w, https:\/\/rperakennus.fi\/wp-content\/uploads\/2026\/01\/1000006822-1536x1152.webp 1536w, https:\/\/rperakennus.fi\/wp-content\/uploads\/2026\/01\/1000006822-800x600.webp 800w, https:\/\/rperakennus.fi\/wp-content\/uploads\/2026\/01\/1000006822-700x525.webp 700w\" sizes=\"auto, (max-width: 2000px) 100vw, 2000px\" \/><\/span>                <\/a>\n\n                <span class='text_holder'>\n    <span class='text_outer'>\n        <span class='text_inner'>\n            <div class=\"hover_feature_holder_title\">\n                <div class=\"hover_feature_holder_title_inner\">\n                    \n                        \n    <h5 itemprop=\"name\" class=\"portfolio_title entry_title\"><a itemprop=\"url\" href=\"https:\/\/rperakennus.fi\/et\/portfolio_page\/keuksontie-8-kerava\/\"  target=\"_self\"> Keuksontie 8 Kerava<\/a><\/h5>\n\n\n                        \n                            <span class=\"project_category\"  >\n        <\/span>\n\n                                    <\/div>\n            <\/div>\n\n            \n            <span class='feature_holder'>\n                <span class=\"feature_holder_icons\">\n\n                            <a itemprop='image' class='lightbox qbutton small white' title='Keuksontie 8 Kerava' href='https:\/\/rperakennus.fi\/wp-content\/uploads\/2026\/01\/1000006822.webp' data-rel='prettyPhoto[pretty_photo_gallery]'>zoom<\/a>\n    \n                            <a itemprop='url' class='preview qbutton small white' href='https:\/\/rperakennus.fi\/et\/portfolio_page\/keuksontie-8-kerava\/' target='_self'>vaata<\/i><\/a>\n    \n                                    <\/span>\n            <\/span>\n\n            \n        <\/span>\n    <\/span>\n<\/span>\n            <\/div>\n                    \n    \n<\/article>\n<article class='mix default' style=''>\n    \n    \n    \n                <div class='image_holder'>\n                <a itemprop='url' class='portfolio_link_for_touch' href='https:\/\/rperakennus.fi\/et\/portfolio_page\/majavantie-10-tuusula-2020\/' target='_self'>\n                    \n<span class='image'><img loading=\"lazy\" decoding=\"async\" width=\"2000\" height=\"1500\" src=\"https:\/\/rperakennus.fi\/wp-content\/uploads\/2026\/01\/1000021344-1.webp\" class=\"attachment-full size-full wp-post-image\" alt=\"\" srcset=\"https:\/\/rperakennus.fi\/wp-content\/uploads\/2026\/01\/1000021344-1.webp 2000w, https:\/\/rperakennus.fi\/wp-content\/uploads\/2026\/01\/1000021344-1-300x225.webp 300w, https:\/\/rperakennus.fi\/wp-content\/uploads\/2026\/01\/1000021344-1-1024x768.webp 1024w, https:\/\/rperakennus.fi\/wp-content\/uploads\/2026\/01\/1000021344-1-768x576.webp 768w, https:\/\/rperakennus.fi\/wp-content\/uploads\/2026\/01\/1000021344-1-1536x1152.webp 1536w, https:\/\/rperakennus.fi\/wp-content\/uploads\/2026\/01\/1000021344-1-800x600.webp 800w, https:\/\/rperakennus.fi\/wp-content\/uploads\/2026\/01\/1000021344-1-700x525.webp 700w\" sizes=\"auto, (max-width: 2000px) 100vw, 2000px\" \/><\/span>                <\/a>\n\n                <span class='text_holder'>\n    <span class='text_outer'>\n        <span class='text_inner'>\n            <div class=\"hover_feature_holder_title\">\n                <div class=\"hover_feature_holder_title_inner\">\n                    \n                        \n    <h5 itemprop=\"name\" class=\"portfolio_title entry_title\"><a itemprop=\"url\" href=\"https:\/\/rperakennus.fi\/et\/portfolio_page\/majavantie-10-tuusula-2020\/\"  target=\"_self\"> Majavantie 10 tuusula 2020<\/a><\/h5>\n\n\n                        \n                            <span class=\"project_category\"  >\n        <\/span>\n\n                                    <\/div>\n            <\/div>\n\n            \n            <span class='feature_holder'>\n                <span class=\"feature_holder_icons\">\n\n                            <a itemprop='image' class='lightbox qbutton small white' title='Majavantie 10 tuusula 2020' href='https:\/\/rperakennus.fi\/wp-content\/uploads\/2026\/01\/1000021344-1.webp' data-rel='prettyPhoto[pretty_photo_gallery]'>zoom<\/a>\n    \n                            <a itemprop='url' class='preview qbutton small white' href='https:\/\/rperakennus.fi\/et\/portfolio_page\/majavantie-10-tuusula-2020\/' target='_self'>vaata<\/i><\/a>\n    \n                                    <\/span>\n            <\/span>\n\n            \n        <\/span>\n    <\/span>\n<\/span>\n            <\/div>\n                    \n    \n<\/article>\n        <div class='filler'><\/div>\n            <div class='filler'><\/div>\n            <div class='filler'><\/div>\n            <div class='filler'><\/div>\n        <\/div>\n\n    \n    <\/div>[\/vc_column][\/vc_row]<\/p>\n<\/div>","protected":false},"excerpt":{"rendered":"<p>[vc_row css_animation=&#8221;&#8221; row_type=&#8221;row&#8221; use_row_as_full_screen_section=&#8221;no&#8221; type=&#8221;grid&#8221; angled_section=&#8221;no&#8221; text_align=&#8221;center&#8221; background_image_as_pattern=&#8221;without_pattern&#8221; background_color=&#8221;#00000000&#8243; padding_top=&#8221;80&#8243; z_index=&#8221;&#8221; padding_bottom=&#8221;80&#8243;][vc_column][vc_column_text css=&#8221;&#8221;] Rpe rakennus [\/vc_column_text][vc_separator type=&#8221;small&#8221; position=&#8221;center&#8221; up=&#8221;20&#8243; down=&#8221;20&#8243;][vc_column_text css=&#8221;&#8221;]Rpe rakennus pakub&#8230;<\/p>\n","protected":false},"author":1,"featured_media":0,"parent":0,"menu_order":0,"comment_status":"closed","ping_status":"closed","template":"full_width.php","meta":{"footnotes":""},"class_list":["post-15713","page","type-page","status-publish","hentry"],"_links":{"self":[{"href":"https:\/\/rperakennus.fi\/et\/wp-json\/wp\/v2\/pages\/15713","targetHints":{"allow":["GET"]}}],"collection":[{"href":"https:\/\/rperakennus.fi\/et\/wp-json\/wp\/v2\/pages"}],"about":[{"href":"https:\/\/rperakennus.fi\/et\/wp-json\/wp\/v2\/types\/page"}],"author":[{"embeddable":true,"href":"https:\/\/rperakennus.fi\/et\/wp-json\/wp\/v2\/users\/1"}],"replies":[{"embeddable":true,"href":"https:\/\/rperakennus.fi\/et\/wp-json\/wp\/v2\/comments?post=15713"}],"version-history":[{"count":5,"href":"https:\/\/rperakennus.fi\/et\/wp-json\/wp\/v2\/pages\/15713\/revisions"}],"predecessor-version":[{"id":16328,"href":"https:\/\/rperakennus.fi\/et\/wp-json\/wp\/v2\/pages\/15713\/revisions\/16328"}],"wp:attachment":[{"href":"https:\/\/rperakennus.fi\/et\/wp-json\/wp\/v2\/media?parent=15713"}],"curies":[{"name":"wp","href":"https:\/\/api.w.org\/{rel}","templated":true}]}}